{"id":2487,"date":"2016-05-19T08:39:17","date_gmt":"2016-05-19T06:39:17","guid":{"rendered":"http:\/\/www.elgoibarmusika.eus\/es\/?page_id=2487"},"modified":"2020-09-08T16:21:57","modified_gmt":"2020-09-08T14:21:57","slug":"escuela","status":"publish","type":"page","link":"http:\/\/www.elgoibarmusika.eus\/es\/escuela\/","title":{"rendered":"Escuela"},"content":{"rendered":"<div class=\"estatikoa eskola\">\n<div class=\"row\">\n<div class=\"col-md-7\">\n<h2>Inazio Bereziartua Musika eta Dantza Eskola<\/h2>\n<p>La Escuela de M\u00fasica Inazio Bereziartua fue creada en el mes de mayo de 1984, acogi\u00e9ndose a una disposici\u00f3n del Bolet\u00edn Oficial del Pa\u00eds Vasco del a\u00f1o 1980 por el que se regula la puesta en marcha de centros musicales de ense\u00f1anza elemental con car\u00e1cter de Centros No Oficiales Reconocidos, se constituye una junta de padres que, previa consulta con el ayuntamiento, y tras realizar una encuesta en todos los centros docentes de la villa \u2013 cuyos resultados fueron totalmente positivos \u2013 pone en marcha el proyecto que en el mes de septiembre y con un censo de 300 alumnos y 13 profesores empieza su andadura.<\/p>\n<p>M\u00e1s tarde en 1991, se solicita y nos conceden la oficialidad de Grado Elemental y un a\u00f1o m\u00e1s tarde la oficialidad de Grado medio.<\/p>\n<p>A partir del curso 1992-93 y con la entrada en vigor de la LOGSE el centro se reconvierte en Escuela de M\u00fasica, pero no perder\u00e1 su condici\u00f3n de Conservatorio de Grado Medio hasta el a\u00f1o 2002.<\/p>\n<p>En la actualidad es una Escuela de M\u00fasica y Danza con 541 alumnos y 23 profesores.<\/p>\n<p>La finalidad es ofrecer una formaci\u00f3n pr\u00e1ctica de M\u00fasica y Danza de ra\u00edz tradicional, dirigida a aficionados de cualquier edad, sin perjuicio de su funci\u00f3n de orientaci\u00f3n y preparaci\u00f3n para los estudios profesionales de quienes demuestren una especial vocaci\u00f3n y aptitud.<\/p>\n<p>Independientemente de la creaci\u00f3n y desarrollo del centro en su aspecto t\u00e9cnico y de ense\u00f1anza de la m\u00fasica y danza es nuestro objetivo desde su creaci\u00f3n tratar de aglutinar y ser la base y el vivero de todos aquellos entes y colectivos que se mueven y desarrollan una actividad musical en sus diferentes versiones.<\/p>\n<\/div>\n<div class=\"col-md-5\"><img loading=\"lazy\" decoding=\"async\" width=\"389\" height=\"529\" class=\"aligncenter size-full wp-image-3518 img-responsive\" src=\"http:\/\/www.elgoibarmusika.eus\/wp-content\/uploads\/2016\/04\/eraikina002-2.jpg\" alt=\"eraikina002\" srcset=\"http:\/\/www.elgoibarmusika.eus\/wp-content\/uploads\/2016\/04\/eraikina002-2.jpg 389w, http:\/\/www.elgoibarmusika.eus\/wp-content\/uploads\/2016\/04\/eraikina002-2-221x300.jpg 221w, http:\/\/www.elgoibarmusika.eus\/wp-content\/uploads\/2016\/04\/eraikina002-2-132x180.jpg 132w, http:\/\/www.elgoibarmusika.eus\/wp-content\/uploads\/2016\/04\/eraikina002-2-147x200.jpg 147w, http:\/\/www.elgoibarmusika.eus\/wp-content\/uploads\/2016\/04\/eraikina002-2-199x270.jpg 199w\" sizes=\"auto, (max-width: 389px) 100vw, 389px\" \/><\/div>\n<\/div>\n<div class=\"row\">\n<div class=\"col-md-7\">\n<h3>FUNDACI\u00d3N<\/h3>\n<p>1990 fue un a\u00f1o importante en la educaci\u00f3n en el estado espa\u00f1ol. En el mes de octubre se promulga la LOGSE (Ley Org\u00e1nica General del Sistema Educativo). En su T\u00edtulo II, apartado 1\u00ba, se recoge la regulaci\u00f3n de las ense\u00f1anzas art\u00edsticas, en concreto de la ense\u00f1anza musical.<\/p>\n<p>Aprovechando la oportunidad de la reforma, y a iniciativa del departamento de Educaci\u00f3n, Universidades e Investigaci\u00f3n del Gobierno Vasco, el sector de la educaci\u00f3n musical de nuestra comunidad aut\u00f3noma inicia un proceso de debate que culminar\u00e1 en 1992 con:<\/p>\n<ul>\n<li><i class=\"fa fa-circle\"><\/i> La publicaci\u00f3n en BOPV de las siguientes normativas:<\/li>\n<li><i class=\"fa fa-circle\"><\/i> Decreto 288\/92 de 27 de octubre, por el que se establece el curr\u00edculo del grado elemental y del grado medio de las ense\u00f1anzas de m\u00fasica y el acceso a dichos grados.<\/li>\n<li><i class=\"fa fa-circle\"><\/i> Decreto 289\/92 de 27 de octubre, por el que se regulan las normas b\u00e1sicas por las que se regir\u00e1n la creaci\u00f3n y funcionamiento de los centros de ense\u00f1anza musical espec\u00edfica, no-reglada.<\/li>\n<li><i class=\"fa fa-circle\"><\/i> La reconversi\u00f3n mayoritaria de los Conservatorios Municipales en Escuelas de M\u00fasica.<\/li>\n<\/ul>\n<p>Esta nueva realidad supone un importante cambio en la estructura de la ense\u00f1anza musical en nuestra Comunidad Aut\u00f3noma puesto que van a ser las Escuelas de M\u00fasica los centros en los que descanse la base m\u00e1s importante del alumnado de estudios musicales en Euskadi. Las Escuelas de M\u00fasica estaban acogiendo, en datos del curso 2000-2001, al 90,1% de los estudiantes de m\u00fasica de nuestra comunidad.<\/p>\n<\/div>\n<div class=\"col-md-5\">\n<div class=\"box2\">\n<div class=\"box-content\">\n<h3 class=\"tag-title\">ESTATUTOS<\/h3>\n<hr \/>\n<p><a href=\"http:\/\/www.elgoibarmusika.eus\/wp-content\/uploads\/2016\/04\/estatutoak.pdf\"><i class=\"fa fa-angle-right\"><\/i> Estatutos<\/a><\/div>\n<\/div>\n<p><!-- \n\n\n<div class=\"box2\">\n\n\n<div class=\"box-content\">\n\n\n<h3 class=\"tag-title\">ACTAS<\/h3>\n\n\n\n\n<hr \/>\n\n<\/div>\n\n\n\n\n<div class=\"box-content\"><a href=\"http:\/\/www.elgoibarmusika.eus\/wp-content\/uploads\/2017\/09\/akta2016asambord.pdf\" target=\"_blank\" rel=\"noopener noreferrer\"><i class=\"fa fa-angle-right\"><\/i> Acta de la asamblea general celebrada el 20 de diciembre de 2016<\/a><\/div>\n\n\n\n\n<div class=\"box-content\"><a href=\"http:\/\/www.elgoibarmusika.eus\/wp-content\/uploads\/2016\/05\/Acta-asamb.ord_.16-12-2015.pdf\" target=\"_blank\" rel=\"noopener noreferrer\"><i class=\"fa fa-angle-right\"><\/i> Acta de la asamblea general celebrada el 12 de diciembre de 2015<\/a><\/div>\n\n\n\n\n<div class=\"box-content\"><a href=\"http:\/\/www.elgoibarmusika.eus\/wp-content\/uploads\/2016\/04\/2014-12-17ase.pdf\" target=\"_blank\" rel=\"noopener noreferrer\"><i class=\"fa fa-angle-right\"><\/i> Acta de la asamblea general celebrada el 17 de diciembre de 2014<\/a><\/div>\n\n\n<\/div>\n\n\n --><\/div>\n<\/div>\n<div class=\"row\">\n<div class=\"col-md-12\">\n<h3>HISTORIA<\/h3>\n<p><iframe loading=\"lazy\" src=\"https:\/\/www.youtube.com\/embed\/T8nMEi7VmT8?rel=0\" width=\"640\" height=\"480\" frameborder=\"0\" allowfullscreen=\"allowfullscreen\"><\/iframe><\/div>\n<\/div>\n<\/div>\n","protected":false},"excerpt":{"rendered":"<p>Inazio Bereziartua Musika eta Dantza Eskola La Escuela de M\u00fasica Inazio Bereziartua fue creada en el mes de mayo de [&hellip;]<\/p>\n","protected":false},"author":1,"featured_media":0,"parent":0,"menu_order":0,"comment_status":"closed","ping_status":"closed","template":"","meta":{"_acf_changed":false,"footnotes":""},"class_list":["post-2487","page","type-page","status-publish","hentry"],"acf":[],"_links":{"self":[{"href":"http:\/\/www.elgoibarmusika.eus\/es\/wp-json\/wp\/v2\/pages\/2487","targetHints":{"allow":["GET"]}}],"collection":[{"href":"http:\/\/www.elgoibarmusika.eus\/es\/wp-json\/wp\/v2\/pages"}],"about":[{"href":"http:\/\/www.elgoibarmusika.eus\/es\/wp-json\/wp\/v2\/types\/page"}],"author":[{"embeddable":true,"href":"http:\/\/www.elgoibarmusika.eus\/es\/wp-json\/wp\/v2\/users\/1"}],"replies":[{"embeddable":true,"href":"http:\/\/www.elgoibarmusika.eus\/es\/wp-json\/wp\/v2\/comments?post=2487"}],"version-history":[{"count":10,"href":"http:\/\/www.elgoibarmusika.eus\/es\/wp-json\/wp\/v2\/pages\/2487\/revisions"}],"predecessor-version":[{"id":12798,"href":"http:\/\/www.elgoibarmusika.eus\/es\/wp-json\/wp\/v2\/pages\/2487\/revisions\/12798"}],"wp:attachment":[{"href":"http:\/\/www.elgoibarmusika.eus\/es\/wp-json\/wp\/v2\/media?parent=2487"}],"curies":[{"name":"wp","href":"https:\/\/api.w.org\/{rel}","templated":true}]}}