{"id":2494,"date":"2016-04-29T08:40:27","date_gmt":"2016-04-29T07:40:27","guid":{"rendered":"http:\/\/www.elgoibarmusika.eus\/es\/?page_id=2494"},"modified":"2025-10-27T17:38:59","modified_gmt":"2025-10-27T16:38:59","slug":"informacion","status":"publish","type":"page","link":"http:\/\/www.elgoibarmusika.eus\/es\/informacion\/","title":{"rendered":"Informaci\u00f3n"},"content":{"rendered":"<div class=\"estatikoa m_informazioa\">\n<h2 class=\"text-center\">\u00a0<\/h2>\n<div class=\"col-lg-12 epeak\">\n<div class=\"box\">\n<div class=\"icon\">\u00a0<\/div>\n<div class=\"space\">\u00a0<\/div>\n<\/div>\n<\/div>\n<p><!-- Boxes --><\/p>\n<div class=\"row\">\n<div class=\"col-xs-12 col-sm-6 col-lg-3\">\n<div class=\"box\">\n<div class=\"icon\">\n<div class=\"image\"><i class=\"fa fa-clock-o\"><\/i>\u00a0<\/div>\n<div class=\"info\">\n<h3 class=\"title\"><a href=\"\/?page_id=19\">HORARIO<\/a><\/h3>\n<p><strong>Ma\u00f1ana<\/strong><\/p>\n<p>Lunes, de 10:30\u00a0a 12:30<\/p>\n<p><strong>Tarde<\/strong><\/p>\n<p>De lunes a viernes, de 15:00 a 20:00<\/p>\n<\/div>\n<\/div>\n<div class=\"space\">\u00a0<\/div>\n<\/div>\n<\/div>\n<div class=\"col-xs-12 col-sm-6 col-lg-3\">\n<div class=\"box\">\n<div class=\"icon\">\n<div class=\"image\"><i class=\"fa fa-sticky-note-o\"><\/i>\u00a0<\/div>\n<div class=\"info\">\n<h3 class=\"title\"><a href=\"\/?page_id=13\">OFERTA<\/a><\/h3>\n<p>Iniciaci\u00f3n a los 5 a\u00f1os<br \/>\nClases personalizadas para adultos sin previo conocimiento de Lenguaje Musical.<br \/>\nEntrega de diplomas al superar cada ciclo<br \/>\nPreparaci\u00f3n para el acceso a la ense\u00f1anza reglada.<br \/>\n60+ disfrutando con la m\u00fasica.<\/p>\n<\/div>\n<\/div>\n<div class=\"space\">\u00a0<\/div>\n<\/div>\n<\/div>\n<div class=\"col-xs-12 col-sm-6 col-lg-3\">\n<div class=\"box\">\n<div class=\"icon\">\n<div class=\"image\"><i class=\"fa fa-music\"><\/i>\u00a0<\/div>\n<div class=\"info\">\n<h3 class=\"title\"><a href=\"\/?page_id=1866\">INSTRUMENTOS<\/a><\/h3>\n<p>Akorde\u00f3n, Trikitixa, Pandero, Viol\u00edn, Viola, Violontxeloa, Guitarra, Flauta, Clarinete, Oboe, Saxof\u00f3n, Trompa, Tromb\u00f3n, Bombardino, Trompeta, Fliskorno, Perkusi\u00f3n, Txistu, Silbote, Piano, Dultzaina.<\/p>\n<\/div>\n<\/div>\n<div class=\"space\">\u00a0<\/div>\n<\/div>\n<\/div>\n<div class=\"col-xs-12 col-sm-6 col-lg-3\">\n<div class=\"box\">\n<div class=\"icon\">\n<div class=\"image\"><i class=\"fa fa-users\"><\/i>\u00a0<\/div>\n<div class=\"info\">\n<h3 class=\"title\"><a href=\"\/?page_id=3396\">GRUPOS INSTRUMENTALES<\/a><\/h3>\n<p>Gazteen banda, Txistu taldea, Kantu korala, Hari taldea, Dantza taldea, Akordeoi taldea, Saxofoi taldea, Rock taldea, Trikitixa taldea, Konboak, Txaranga.<\/p>\n<\/div>\n<\/div>\n<div class=\"space\">\u00a0<\/div>\n<\/div>\n<\/div>\n<\/div>\n<p><!-- \/Boxes de Acoes --><\/div>\n<div class=\"row m_informazioa\">\n<div class=\"col-lg-4\"><img decoding=\"async\" class=\"img-responsive\" src=\"http:\/\/www.elgoibarmusika.eus\/wp-content\/uploads\/2016\/04\/eraikina002.jpg\" alt=\"eraikina\" \/><\/div>\n<div class=\"col-lg-8\">\n<h4>PRECIOS 2025-2026<\/h4>\n<p><strong>Estimados padres:<\/strong><\/p>\n<p>Les informamos de la lista de precios para el pr\u00f3ximo curso 2025-2026:<\/p>\n<ul class=\"list-group\">\n<li class=\"list-group-item\"><span class=\"badge\">22,00 \u20ac<\/span>Taller de M\u00fasica \u2013 5 a\u00f1os<\/li>\n<li class=\"list-group-item\"><span class=\"badge\">33,00 \u20ac<\/span>Taller de M\u00fasica y Danza \u2013 6 a\u00f1os<\/li>\n<li class=\"list-group-item\"><span class=\"badge\">48,00 \u20ac<\/span>Taller de M\u00fasica, Danza e Instrumentos \u2013 7 a\u00f1os<\/li>\n<li class=\"list-group-item\"><span class=\"badge\">24,50 \u20ac<\/span>Lenguaje Musical<\/li>\n<li class=\"list-group-item\"><span class=\"badge\">32,50 \u20ac<\/span>Danza<\/li>\n<li class=\"list-group-item\"><span class=\"badge\">39,50 \u20ac<\/span>Instrumento<\/li>\n<li class=\"list-group-item\"><span class=\"badge\">39,50 \u20ac<\/span>Musicoterapia<\/li>\n<li class=\"list-group-item\"><span class=\"badge\">19,50 \u20ac<\/span>+60<\/li>\n<\/ul>\n<p>Las 10 cuotas del curso (Septiembre-Junio) se girar\u00e1n a mediados del mes en curso.<\/p>\n<p>El importe de la matr\u00edcula se girar\u00e1 junto a la cuota de septiembre (12\u20ac). Las familias numerosas tendr\u00e1n un descuento del 50%.<\/p>\n<p>Las familias que perciben alguna ayuda del RGI, AGI o AES tendr\u00e1n un descuento del 70%.<\/p>\n<\/div>\n<\/div>\n","protected":false},"excerpt":{"rendered":"<p>\u00a0 \u00a0 \u00a0 \u00a0 HORARIO Ma\u00f1ana Lunes, de 10:30\u00a0a 12:30 Tarde De lunes a viernes, de 15:00 a 20:00 \u00a0 [&hellip;]<\/p>\n","protected":false},"author":1,"featured_media":0,"parent":0,"menu_order":0,"comment_status":"closed","ping_status":"closed","template":"","meta":{"_acf_changed":false,"footnotes":""},"class_list":["post-2494","page","type-page","status-publish","hentry"],"acf":[],"_links":{"self":[{"href":"http:\/\/www.elgoibarmusika.eus\/es\/wp-json\/wp\/v2\/pages\/2494","targetHints":{"allow":["GET"]}}],"collection":[{"href":"http:\/\/www.elgoibarmusika.eus\/es\/wp-json\/wp\/v2\/pages"}],"about":[{"href":"http:\/\/www.elgoibarmusika.eus\/es\/wp-json\/wp\/v2\/types\/page"}],"author":[{"embeddable":true,"href":"http:\/\/www.elgoibarmusika.eus\/es\/wp-json\/wp\/v2\/users\/1"}],"replies":[{"embeddable":true,"href":"http:\/\/www.elgoibarmusika.eus\/es\/wp-json\/wp\/v2\/comments?post=2494"}],"version-history":[{"count":24,"href":"http:\/\/www.elgoibarmusika.eus\/es\/wp-json\/wp\/v2\/pages\/2494\/revisions"}],"predecessor-version":[{"id":13468,"href":"http:\/\/www.elgoibarmusika.eus\/es\/wp-json\/wp\/v2\/pages\/2494\/revisions\/13468"}],"wp:attachment":[{"href":"http:\/\/www.elgoibarmusika.eus\/es\/wp-json\/wp\/v2\/media?parent=2494"}],"curies":[{"name":"wp","href":"https:\/\/api.w.org\/{rel}","templated":true}]}}