{"id":3386,"date":"2016-05-11T15:28:18","date_gmt":"2016-05-11T13:28:18","guid":{"rendered":"http:\/\/www.elgoibarmusika.eus\/es\/?page_id=3386"},"modified":"2016-05-25T14:16:51","modified_gmt":"2016-05-25T12:16:51","slug":"lenguaje-musical","status":"publish","type":"page","link":"http:\/\/www.elgoibarmusika.eus\/es\/oferta\/lenguaje-musical\/","title":{"rendered":"LENGUAJE MUSICAL"},"content":{"rendered":"<div class=\"estatikoa esk_atala esk_musika\">\n<div class=\"titulua\">\n<h2>EDUCACI\u00d3N PARA LA M\u00daSICA y EDUCACI\u00d3N CON LA M\u00daSICA<\/h2>\n<\/div>\n<div class=\"row\">\n<div class=\"col-md-6\">\n<h3>OBJETIVO: EL DESARROLLO INTEGRAL DEL NI\u00d1O<\/h3>\n<p>Empleamos principios y estrategias de la metodolog\u00eda activa para desarrollar las competencias b\u00e1sicas.<\/p>\n<\/div>\n<div class=\"col-md-6\"><img loading=\"lazy\" decoding=\"async\" width=\"847\" height=\"424\" class=\"aligncenter size-full wp-image-3596 img-responsive\" src=\"http:\/\/www.elgoibarmusika.eus\/wp-content\/uploads\/2016\/05\/eskeintza_musika.jpg\" alt=\"eskeintza_musika\" srcset=\"http:\/\/www.elgoibarmusika.eus\/wp-content\/uploads\/2016\/05\/eskeintza_musika.jpg 847w, http:\/\/www.elgoibarmusika.eus\/wp-content\/uploads\/2016\/05\/eskeintza_musika-300x150.jpg 300w, http:\/\/www.elgoibarmusika.eus\/wp-content\/uploads\/2016\/05\/eskeintza_musika-768x384.jpg 768w, http:\/\/www.elgoibarmusika.eus\/wp-content\/uploads\/2016\/05\/eskeintza_musika-260x130.jpg 260w, http:\/\/www.elgoibarmusika.eus\/wp-content\/uploads\/2016\/05\/eskeintza_musika-360x180.jpg 360w, http:\/\/www.elgoibarmusika.eus\/wp-content\/uploads\/2016\/05\/eskeintza_musika-560x280.jpg 560w\" sizes=\"auto, (max-width: 847px) 100vw, 847px\" \/><\/div>\n<\/div>\n<div class=\"row\">\n<div class=\"col-md-12 text-center\"><img loading=\"lazy\" decoding=\"async\" width=\"761\" height=\"645\" class=\"wp-image-3320 img-responsive\" src=\"http:\/\/www.elgoibarmusika.eus\/wp-content\/uploads\/2016\/05\/musika_hezkuntza_grafikoa.png\" alt=\"musika_hezkuntza_grafikoa\" srcset=\"http:\/\/www.elgoibarmusika.eus\/wp-content\/uploads\/2016\/05\/musika_hezkuntza_grafikoa.png 761w, http:\/\/www.elgoibarmusika.eus\/wp-content\/uploads\/2016\/05\/musika_hezkuntza_grafikoa-300x254.png 300w, http:\/\/www.elgoibarmusika.eus\/wp-content\/uploads\/2016\/05\/musika_hezkuntza_grafikoa-212x180.png 212w, http:\/\/www.elgoibarmusika.eus\/wp-content\/uploads\/2016\/05\/musika_hezkuntza_grafikoa-236x200.png 236w, http:\/\/www.elgoibarmusika.eus\/wp-content\/uploads\/2016\/05\/musika_hezkuntza_grafikoa-319x270.png 319w, http:\/\/www.elgoibarmusika.eus\/wp-content\/uploads\/2016\/05\/musika_hezkuntza_grafikoa-560x475.png 560w\" sizes=\"auto, (max-width: 761px) 100vw, 761px\" \/><\/div>\n<\/div>\n<div class=\"titulua\">\n<h2>TALLER DE M\u00daSICA Y DANZA \/ INICIACI\u00d3N A LA M\u00daSICA<\/h2>\n<\/div>\n<h3>PRIMER CONTACTO CON EL LENGUAJE MUSICAL<\/h3>\n<div class=\"row\">\n<div class=\"col-md-12 \">\n<div class=\"testimonials\">\n<div class=\"active item\">\n<blockquote>\n<p>\u00bfSe aprender\u00eda alguna vez a hablar si comenz\u00e1semos por la sintaxis, la gram\u00e1tica, la ortograf\u00eda y el an\u00e1lisis gramatical? Los ni\u00f1os peque\u00f1os hablan perfectamente ignor\u00e1ndolo todo sobre la lectura y la escritura: aprenden de o\u00eddo. Pues lo mismo ocurre con la m\u00fasica.<\/p>\n<p class=\"izena\">Marcel Landowski<\/p>\n<\/blockquote>\n<\/div>\n<\/div>\n<\/div>\n<\/div>\n<div class=\"row\">\n<div class=\"col-md-6\">\n<p>&nbsp;<\/p>\n<ul>\n<li><i class=\"fa fa-check\"><\/i>El planteamiento de las clases es l\u00fadico, divertido y positivo.<\/li>\n<li><i class=\"fa fa-check\"><\/i>Los alumnos ser\u00e1n los protagonistas de su propio aprendizaje. El ser\u00e1 la descubrimiento guiado estrategia que aplicaremos.<\/li>\n<li><i class=\"fa fa-check\"><\/i>Se fomentar\u00e1 el asimilar el placer producido por la escucha, canto, interpretaci\u00f3n y conocimiento de m\u00fasica de \u00e9pocas y estilos distintos.<\/li>\n<li><i class=\"fa fa-check\"><\/i>Siempre que se pueda se impulsar\u00e1 a acudir a conciertos, sesiones de baile, teatro&#8230;<\/li>\n<li><i class=\"fa fa-check\"><\/i>Se promover\u00e1n los valores como el respeto, la tolerancia, la igualdad, la amistad, la responsabilidad, el compromiso&#8230;<\/li>\n<\/ul>\n<\/div>\n<div class=\"col-md-6\"><img loading=\"lazy\" decoding=\"async\" width=\"430\" height=\"242\" class=\"aligncenter size-full wp-image-3601 img-responsive\" src=\"http:\/\/www.elgoibarmusika.eus\/wp-content\/uploads\/2016\/05\/eskeintza_musika2.png\" alt=\"eskeintza_musika2\" srcset=\"http:\/\/www.elgoibarmusika.eus\/wp-content\/uploads\/2016\/05\/eskeintza_musika2.png 430w, http:\/\/www.elgoibarmusika.eus\/wp-content\/uploads\/2016\/05\/eskeintza_musika2-300x169.png 300w, http:\/\/www.elgoibarmusika.eus\/wp-content\/uploads\/2016\/05\/eskeintza_musika2-260x146.png 260w, http:\/\/www.elgoibarmusika.eus\/wp-content\/uploads\/2016\/05\/eskeintza_musika2-360x203.png 360w\" sizes=\"auto, (max-width: 430px) 100vw, 430px\" \/><\/div>\n<\/div>\n<div class=\"divider\">\u00a0<\/div>\n<div class=\"row\">\n<div class=\"col-md-6\"><img loading=\"lazy\" decoding=\"async\" width=\"430\" height=\"242\" class=\"aligncenter size-full wp-image-3605 img-responsive\" src=\"http:\/\/www.elgoibarmusika.eus\/wp-content\/uploads\/2016\/05\/eskeintza_musika4.png\" alt=\"eskeintza_musika4\" srcset=\"http:\/\/www.elgoibarmusika.eus\/wp-content\/uploads\/2016\/05\/eskeintza_musika4.png 430w, http:\/\/www.elgoibarmusika.eus\/wp-content\/uploads\/2016\/05\/eskeintza_musika4-300x169.png 300w, http:\/\/www.elgoibarmusika.eus\/wp-content\/uploads\/2016\/05\/eskeintza_musika4-260x146.png 260w, http:\/\/www.elgoibarmusika.eus\/wp-content\/uploads\/2016\/05\/eskeintza_musika4-360x203.png 360w\" sizes=\"auto, (max-width: 430px) 100vw, 430px\" \/><\/div>\n<div class=\"col-md-6\">\n<p>Se emplean y se desarrollan varias l\u00edneas de actividades en clase:<\/p>\n<ul>\n<li><i class=\"fa fa-circle\"><\/i> La voz; la respiraci\u00f3n, afinaci\u00f3n, correcta posici\u00f3n para cantar.<\/li>\n<li><i class=\"fa fa-circle\"><\/i> Educaci\u00f3n auditiva; audici\u00f3n vivencial, audici\u00f3n activa.<\/li>\n<li><i class=\"fa fa-circle\"><\/i> El cuerpo; movimiento corporal y percusi\u00f3n corporal.<\/li>\n<li><i class=\"fa fa-circle\"><\/i> Instrumentos; peque\u00f1a percusi\u00f3n principalmente.<\/li>\n<\/ul>\n<\/div>\n<\/div>\n<div class=\"titulua\">\n<h2>LOS ALUMNOS DEL NIVEL DE INICIACI\u00d3N<\/h2>\n<\/div>\n<h3>PARTICIPAR\u00c1N EN \u00c9STAS ACTIVIDADES<\/h3>\n<div class=\"row\">\n<div class=\"col-md-5\">\n<ul>\n<li><i class=\"fa fa-circle\"><\/i> Festival de danza<\/li>\n<li><i class=\"fa fa-circle\"><\/i>Concierto de navidad y Plazara Dantzara<\/li>\n<li><i class=\"fa fa-circle\"><\/i>Fiestas de trinidad: danza y tamborrada<\/li>\n<li><i class=\"fa fa-circle\"><\/i>Actuaci\u00f3n de fin de curso<\/li>\n<\/ul>\n<\/div>\n<div class=\"col-md-7\"><a href=\"http:\/\/www.elgoibarmusika.eus\/wp-content\/uploads\/2016\/05\/hastapen-taula.png\"><img loading=\"lazy\" decoding=\"async\" width=\"841\" height=\"251\" class=\"aligncenter size-full wp-image-3613 img-responsive\" src=\"http:\/\/www.elgoibarmusika.eus\/wp-content\/uploads\/2016\/05\/hastapen-taula.png\" alt=\"hastapen-taula\" srcset=\"http:\/\/www.elgoibarmusika.eus\/wp-content\/uploads\/2016\/05\/hastapen-taula.png 841w, http:\/\/www.elgoibarmusika.eus\/wp-content\/uploads\/2016\/05\/hastapen-taula-300x90.png 300w, http:\/\/www.elgoibarmusika.eus\/wp-content\/uploads\/2016\/05\/hastapen-taula-768x229.png 768w, http:\/\/www.elgoibarmusika.eus\/wp-content\/uploads\/2016\/05\/hastapen-taula-260x78.png 260w, http:\/\/www.elgoibarmusika.eus\/wp-content\/uploads\/2016\/05\/hastapen-taula-360x107.png 360w, http:\/\/www.elgoibarmusika.eus\/wp-content\/uploads\/2016\/05\/hastapen-taula-560x167.png 560w\" sizes=\"auto, (max-width: 841px) 100vw, 841px\" \/><\/a><\/div>\n<\/div>\n<\/div>\n","protected":false},"excerpt":{"rendered":"<p>EDUCACI\u00d3N PARA LA M\u00daSICA y EDUCACI\u00d3N CON LA M\u00daSICA OBJETIVO: EL DESARROLLO INTEGRAL DEL NI\u00d1O Empleamos principios y estrategias de [&hellip;]<\/p>\n","protected":false},"author":1,"featured_media":0,"parent":2493,"menu_order":0,"comment_status":"closed","ping_status":"closed","template":"","meta":{"_acf_changed":false,"footnotes":""},"class_list":["post-3386","page","type-page","status-publish","hentry"],"acf":[],"_links":{"self":[{"href":"http:\/\/www.elgoibarmusika.eus\/es\/wp-json\/wp\/v2\/pages\/3386","targetHints":{"allow":["GET"]}}],"collection":[{"href":"http:\/\/www.elgoibarmusika.eus\/es\/wp-json\/wp\/v2\/pages"}],"about":[{"href":"http:\/\/www.elgoibarmusika.eus\/es\/wp-json\/wp\/v2\/types\/page"}],"author":[{"embeddable":true,"href":"http:\/\/www.elgoibarmusika.eus\/es\/wp-json\/wp\/v2\/users\/1"}],"replies":[{"embeddable":true,"href":"http:\/\/www.elgoibarmusika.eus\/es\/wp-json\/wp\/v2\/comments?post=3386"}],"version-history":[{"count":10,"href":"http:\/\/www.elgoibarmusika.eus\/es\/wp-json\/wp\/v2\/pages\/3386\/revisions"}],"predecessor-version":[{"id":4210,"href":"http:\/\/www.elgoibarmusika.eus\/es\/wp-json\/wp\/v2\/pages\/3386\/revisions\/4210"}],"up":[{"embeddable":true,"href":"http:\/\/www.elgoibarmusika.eus\/es\/wp-json\/wp\/v2\/pages\/2493"}],"wp:attachment":[{"href":"http:\/\/www.elgoibarmusika.eus\/es\/wp-json\/wp\/v2\/media?parent=3386"}],"curies":[{"name":"wp","href":"https:\/\/api.w.org\/{rel}","templated":true}]}}