{"id":4206,"date":"2016-05-24T17:07:51","date_gmt":"2016-05-24T15:07:51","guid":{"rendered":"http:\/\/www.elgoibarmusika.eus\/es\/?page_id=4206"},"modified":"2020-03-02T09:51:07","modified_gmt":"2020-03-02T08:51:07","slug":"politica-de-privacidad","status":"publish","type":"page","link":"http:\/\/www.elgoibarmusika.eus\/es\/politica-de-privacidad\/","title":{"rendered":"POLITICA DE PRIVACIDAD"},"content":{"rendered":"<h4><strong>POL\u00cdTICA DE PRIVACIDAD \u2013 PROTECCI\u00d3N DE DATOS PERSONALES<\/strong><\/h4>\n<p><strong>\u00a0<\/strong><\/p>\n<p><span style=\"text-decoration: underline;\"><strong>1. Introducci\u00f3n<\/strong><\/span><\/p>\n<p>En cumplimiento de la normativa sobre Protecci\u00f3n de Datos Personales, se informa a los usuarios que los datos personales que faciliten mediante correo electr\u00f3nico, enviados a trav\u00e9s de formularios ubicados en este sitio web o por cualquier otro medio ubicado en este sitio web ser\u00e1n incorporados a los sistemas de tratamiento de <strong>Inazio Bereziartua Musika Eskola<\/strong> (Responsable del Tratamiento), con la finalidad de atender a las consultas y solicitudes recibidas, contactar con usted, gestionar los servicios solicitados, las relaciones con las personas usuarias y las funciones leg\u00edtimas propias de su actividad, as\u00ed como para el env\u00edo de comunicaciones que pudieran ser de su inter\u00e9s.<\/p>\n<p>Las bases jur\u00eddicas para el tratamiento de sus datos son la ejecuci\u00f3n del contrato de prestaci\u00f3n de servicios solicitados por el interesado, el consentimiento otorgado por el interesado (o su representante), el cumplimiento de las obligaciones legales del responsable del tratamiento y el inter\u00e9s leg\u00edtimo del responsable del tratamiento.<\/p>\n<p>Los datos podr\u00e1n ser conservados sin limitaci\u00f3n en el tiempo para el seguimiento de la relaci\u00f3n con las personas interesadas y la realizaci\u00f3n de las funciones leg\u00edtimas del responsable del tratamiento, a no ser que usted indique lo contrario.<\/p>\n<p>El tratamiento de sus datos personales se realizar\u00e1 de manera confidencial. Inazio Bereziartua Musika Eskola est\u00e1 comprometida con la privacidad y la protecci\u00f3n de los datos personales de los usuarios y utiliza todos los recursos a su alcance para garantizar la seguridad y privacidad de los interesados.<\/p>\n<p><strong>\u00a0<\/strong><\/p>\n<p><span style=\"text-decoration: underline;\"><strong>2. Recogida de datos personales<\/strong><\/span><\/p>\n<p>Inazio Bereziartua Musika Eskola no requiere que proporcione datos personales para acceder al sitio web, no obstante, existen formularios de contacto, cuyo uso conlleva que el usuario aporte datos personales. El usuario aporta sus datos personales de forma libre y voluntaria. Inazio Bereziartua Musika Eskola no solicita m\u00e1s informaci\u00f3n personal que la que es necesaria para recibir el servicio solicitado.<\/p>\n<p>El usuario que incluya en este sitio web cualquier tipo de contenido (datos, textos, v\u00eddeos, sonido, fotograf\u00edas, gr\u00e1ficos, mensajes u otro material) declara y garantiza hacerlo de modo que se ajuste a las condiciones aqu\u00ed expresadas.<\/p>\n<p>La participaci\u00f3n en cualquier evento organizado o en el que participe Inazio Bereziartua Musika Eskola (como por ejemplo conciertos, actuaciones musicales, competiciones, entrega de premios, festividades, etc.) puede conllevar la publicaci\u00f3n de los datos de contacto e imagen de las personas participantes y\/o asistentes.<\/p>\n<p>El usuario que incluya datos personales de terceros declara que cuenta con el consentimiento y permiso de estos para la publicaci\u00f3n de los mismos.<\/p>\n<p>El usuario es el \u00fanico responsable de la veracidad y correcci\u00f3n de los datos incluidos, exoner\u00e1ndose Inazio Bereziartua Musika Eskola de cualquier responsabilidad al respecto. Los usuarios garantizan y responden, en cualquier caso, de la exactitud, vigencia y autenticidad de los datos personales facilitados, y se comprometen a mantenerlos debidamente actualizados.<\/p>\n<p>El env\u00edo de informaci\u00f3n a trav\u00e9s de este sitio web conlleva necesariamente la aceptacion expresa de esta pol\u00edtica de privacidad y de las condiciones generales del sitio web.<\/p>\n<p><strong>\u00a0<\/strong><\/p>\n<p><span style=\"text-decoration: underline;\"><strong>3. Derechos de los interesados<\/strong><\/span><\/p>\n<p>Puede ejercer los derechos de acceso, rectificaci\u00f3n, supresi\u00f3n, limitaci\u00f3n, oposici\u00f3n y portabilidad, as\u00ed como realizar cualquier otra solicitud sobre esta materia dirigi\u00e9ndose por escrito al Responsable del Tratamiento, Inazio Bereziartua Musika Eskola, en Aita Agirreren Plaza, 4, 20870 Elgoibar (Gipuzkoa), tef. 943742145, o bien a trav\u00e9s de la direcci\u00f3n de correo electr\u00f3nico <a href=\"mailto:elgoibarmusika@gmail.com\">elgoibarmusika@gmail.com<\/a>. La solicitud deber\u00e1 llevar adjunta copia de documento acreditativo de la identidad del solicitante (DNI o similares). En caso de realizar la solicitud en su condici\u00f3n de representante legal, deber\u00e1 adjuntar, adem\u00e1s de la copia del Documento de Identidad, un documento acreditativo de tal representaci\u00f3n.<\/p>\n<p>La autoridad de control a la que usted puede dirigirse en caso de no estar de acuerdo con la resoluci\u00f3n de las solicitudes o para presentar una reclamaci\u00f3n es la Agencia Espa\u00f1ola de Protecci\u00f3n de Datos (www.aepd.es).<\/p>\n<p><strong>\u00a0<\/strong><\/p>\n<p><span style=\"text-decoration: underline;\"><strong>4. Medidas de seguridad<\/strong><\/span><\/p>\n<p>Inazio Bereziartua Musika Eskola tratar\u00e1 los datos personales contenidos en sus sistemas de tratamiento de datos adoptando las medidas de \u00edndole t\u00e9cnica y organizativa que sean necesarias para garantizar su seguridad y evitar su alteraci\u00f3n, p\u00e9rdida, tratamiento o acceso no autorizado, habida cuenta del estado de la tecnolog\u00eda, la naturaleza de los datos almacenados y los riesgos a que est\u00e1n expuestos, ya provengan de la acci\u00f3n humana o del medio f\u00edsico o natural, de acuerdo con la legislaci\u00f3n vigente que resulte de aplicaci\u00f3n en materia de medidas de seguridad de los tratamientos de datos personales. Sin embargo, los usuarios son informados de que las medidas de seguridad inform\u00e1tica no son inexpugnables y no se est\u00e1 a salvo de posibles intromisiones ilegales e indebidas, que no ser\u00edan responsabilidad de Inazio Bereziartua Musika Eskola.<\/p>\n<p>&nbsp;<\/p>\n<p><span style=\"text-decoration: underline;\"><strong>5. Datos de Tr\u00e1fico<\/strong><\/span><\/p>\n<p>Con la finalidad de ofrecer un mejor servicio a trav\u00e9s de este sitio web, se puede registrar la direcci\u00f3n IP del dispositivo del usuario, permiti\u00e9ndose as\u00ed el posterior procesamiento de los datos con el fin de analizar entre otros el n\u00famero de p\u00e1ginas visitadas, el n\u00famero de visitas, as\u00ed como la actividad de los visitantes\/usuarios del sitio web, y su frecuencia de utilizaci\u00f3n.<\/p>\n<p>El Usuario queda informado del registro de la IP de su dispositivo durante la conexi\u00f3n y navegaci\u00f3n en el sitio web, sin que sea necesario informarle cada vez que acceda a este sitio web.<\/p>\n<p>Con la finalidad ya mencionada, puede ser medido y analizado con Google Analytics y\/o herramientas similares, que pueden utilizar marcas en las p\u00e1ginas y cookies para analizar lo que sucede en las diferentes p\u00e1ginas del sitio web de Inazio Bereziartua Musika Eskola.<\/p>\n<p>&nbsp;<\/p>\n<p><span style=\"text-decoration: underline;\"><strong>6. Vigencias<\/strong><\/span><\/p>\n<p>Inazio Bereziartua Musika Eskola se reserva el derecho de modificar su pol\u00edtica de privacidad de acuerdo a su criterio, a cambios legislativos o jurisprudenciales. Si el Responsable del Tratamiento introdujera alguna modificaci\u00f3n, el nuevo texto ser\u00e1 publicado en este mismo sitio web, donde el usuario podr\u00e1 tener conocimiento de la misma. En cualquier caso, la relaci\u00f3n con los usuarios se regir\u00e1 por las normas previstas en el momento preciso en que se accede al sitio web. Es por ello que el Responsable del Tratamiento le recomienda visitar esta pol\u00edtica de privacidad cada vez que se conecte al sitio web.<\/p>\n<p>Inazio Bereziartua Musika Eskola perseguir\u00e1 el incumplimiento de esta pol\u00edtica de privacidad, as\u00ed como cualquier utilizaci\u00f3n indebida de las funcionalidades y contenidos presentados en este sitio web, ejerciendo todas las acciones civiles y penales que le puedan corresponder en Derecho, incluidas las de naturaleza penal.<\/p>\n<p>&nbsp;<\/p>\n<p style=\"text-align: center;\"><a class=\"btn btn-horia\" href=\"http:\/\/www.elgoibarmusika.eus\/wp-content\/uploads\/2020\/03\/2019-IBME-Politica-de-Privacidad-Sitio-Web.pdf\" target=\"_blank\" rel=\"noopener noreferrer\">Descargar fichero sobre la pol\u00edtica de privacidad<\/a><\/p>\n","protected":false},"excerpt":{"rendered":"<p>POL\u00cdTICA DE PRIVACIDAD \u2013 PROTECCI\u00d3N DE DATOS PERSONALES \u00a0 1. Introducci\u00f3n En cumplimiento de la normativa sobre Protecci\u00f3n de Datos [&hellip;]<\/p>\n","protected":false},"author":3,"featured_media":0,"parent":0,"menu_order":0,"comment_status":"closed","ping_status":"closed","template":"","meta":{"_acf_changed":false,"footnotes":""},"class_list":["post-4206","page","type-page","status-publish","hentry"],"acf":[],"_links":{"self":[{"href":"http:\/\/www.elgoibarmusika.eus\/es\/wp-json\/wp\/v2\/pages\/4206","targetHints":{"allow":["GET"]}}],"collection":[{"href":"http:\/\/www.elgoibarmusika.eus\/es\/wp-json\/wp\/v2\/pages"}],"about":[{"href":"http:\/\/www.elgoibarmusika.eus\/es\/wp-json\/wp\/v2\/types\/page"}],"author":[{"embeddable":true,"href":"http:\/\/www.elgoibarmusika.eus\/es\/wp-json\/wp\/v2\/users\/3"}],"replies":[{"embeddable":true,"href":"http:\/\/www.elgoibarmusika.eus\/es\/wp-json\/wp\/v2\/comments?post=4206"}],"version-history":[{"count":6,"href":"http:\/\/www.elgoibarmusika.eus\/es\/wp-json\/wp\/v2\/pages\/4206\/revisions"}],"predecessor-version":[{"id":12715,"href":"http:\/\/www.elgoibarmusika.eus\/es\/wp-json\/wp\/v2\/pages\/4206\/revisions\/12715"}],"wp:attachment":[{"href":"http:\/\/www.elgoibarmusika.eus\/es\/wp-json\/wp\/v2\/media?parent=4206"}],"curies":[{"name":"wp","href":"https:\/\/api.w.org\/{rel}","templated":true}]}}