{"id":3902,"date":"2016-05-20T11:12:27","date_gmt":"2016-05-20T09:12:27","guid":{"rendered":"http:\/\/www.elgoibarmusika.eus\/es\/?page_id=3902"},"modified":"2016-05-20T11:51:33","modified_gmt":"2016-05-20T09:51:33","slug":"oboe","status":"publish","type":"page","link":"https:\/\/www.elgoibarmusika.eus\/es\/oferta\/instrumentos\/oboe\/","title":{"rendered":"OBOE"},"content":{"rendered":"<div class=\"instrumentu_azalpena\">\n<p class=\"azalpena\">\n<div class=\"panel panel-default\">\n<div class=\"panel-heading\">INFORMACI\u00d3N<\/div>\n<div class=\"panel-body\">\n<ul>\n<li>\n<p><span>Profesor:<\/span> Iker Nausia<\/p>\n<\/li>\n<li>\n<p><span>Para alumnos:<\/span> A partir de 8 a\u00f1os<\/p>\n<\/li>\n<li>\n<p><span>D\u00edas de la semana:<\/span> Lunes<\/p>\n<\/li>\n<\/ul>\n<\/div>\n<\/div>\n<\/div>\n<p><span class=\"oharra\"><a href=\"\/?page_id=2494\">MATRICULACI\u00d3N ABIERTA<\/a><\/span><\/p>\n","protected":false},"excerpt":{"rendered":"<p>INFORMACI\u00d3N Profesor: Iker Nausia Para alumnos: A partir de 8 a\u00f1os D\u00edas de la semana: Lunes MATRICULACI\u00d3N ABIERTA<\/p>\n","protected":false},"author":1,"featured_media":2351,"parent":3384,"menu_order":2,"comment_status":"closed","ping_status":"closed","template":"templates-pages\/instrumentuak.php","meta":{"_acf_changed":false,"footnotes":""},"class_list":["post-3902","page","type-page","status-publish","has-post-thumbnail","hentry"],"acf":[],"_links":{"self":[{"href":"https:\/\/www.elgoibarmusika.eus\/es\/wp-json\/wp\/v2\/pages\/3902","targetHints":{"allow":["GET"]}}],"collection":[{"href":"https:\/\/www.elgoibarmusika.eus\/es\/wp-json\/wp\/v2\/pages"}],"about":[{"href":"https:\/\/www.elgoibarmusika.eus\/es\/wp-json\/wp\/v2\/types\/page"}],"author":[{"embeddable":true,"href":"https:\/\/www.elgoibarmusika.eus\/es\/wp-json\/wp\/v2\/users\/1"}],"replies":[{"embeddable":true,"href":"https:\/\/www.elgoibarmusika.eus\/es\/wp-json\/wp\/v2\/comments?post=3902"}],"version-history":[{"count":4,"href":"https:\/\/www.elgoibarmusika.eus\/es\/wp-json\/wp\/v2\/pages\/3902\/revisions"}],"predecessor-version":[{"id":3952,"href":"https:\/\/www.elgoibarmusika.eus\/es\/wp-json\/wp\/v2\/pages\/3902\/revisions\/3952"}],"up":[{"embeddable":true,"href":"https:\/\/www.elgoibarmusika.eus\/es\/wp-json\/wp\/v2\/pages\/3384"}],"wp:featuredmedia":[{"embeddable":true,"href":"https:\/\/www.elgoibarmusika.eus\/es\/wp-json\/wp\/v2\/media\/2351"}],"wp:attachment":[{"href":"https:\/\/www.elgoibarmusika.eus\/es\/wp-json\/wp\/v2\/media?parent=3902"}],"curies":[{"name":"wp","href":"https:\/\/api.w.org\/{rel}","templated":true}]}}