{"id":3934,"date":"2016-05-20T11:44:57","date_gmt":"2016-05-20T09:44:57","guid":{"rendered":"http:\/\/www.elgoibarmusika.eus\/es\/?page_id=3934"},"modified":"2016-05-20T11:48:24","modified_gmt":"2016-05-20T09:48:24","slug":"guitarra","status":"publish","type":"page","link":"https:\/\/www.elgoibarmusika.eus\/es\/oferta\/instrumentos\/guitarra\/","title":{"rendered":"GUITARRA"},"content":{"rendered":"<div class=\"instrumentu_azalpena\">\n<p class=\"azalpena\">\n<div class=\"panel panel-default\">\n<div class=\"panel-heading\">INFORMACI\u00d3N<\/div>\n<div class=\"panel-body\">\n<ul>\n<li>\n<p><span>Profesor:<\/span> Juan Carlos Martin<\/p>\n<\/li>\n<li>\n<p><span>Para alumnos:<\/span> A partir de 8 a\u00f1os<\/p>\n<\/li>\n<li>\n<p><span>D\u00edas de la semana:<\/span> Lunes, martes, jueves y viernes<\/p>\n<\/li>\n<\/ul>\n<\/div>\n<\/div>\n<\/div>\n<p><span class=\"oharra\"><a href=\"\/?page_id=2494\">MATRICULACI\u00d3N ABIERTA<\/a><\/span><\/p>\n","protected":false},"excerpt":{"rendered":"<p>INFORMACI\u00d3N Profesor: Juan Carlos Martin Para alumnos: A partir de 8 a\u00f1os D\u00edas de la semana: Lunes, martes, jueves y [&hellip;]<\/p>\n","protected":false},"author":1,"featured_media":2347,"parent":3384,"menu_order":11,"comment_status":"closed","ping_status":"closed","template":"templates-pages\/instrumentuak.php","meta":{"_acf_changed":false,"footnotes":""},"class_list":["post-3934","page","type-page","status-publish","has-post-thumbnail","hentry"],"acf":[],"_links":{"self":[{"href":"https:\/\/www.elgoibarmusika.eus\/es\/wp-json\/wp\/v2\/pages\/3934","targetHints":{"allow":["GET"]}}],"collection":[{"href":"https:\/\/www.elgoibarmusika.eus\/es\/wp-json\/wp\/v2\/pages"}],"about":[{"href":"https:\/\/www.elgoibarmusika.eus\/es\/wp-json\/wp\/v2\/types\/page"}],"author":[{"embeddable":true,"href":"https:\/\/www.elgoibarmusika.eus\/es\/wp-json\/wp\/v2\/users\/1"}],"replies":[{"embeddable":true,"href":"https:\/\/www.elgoibarmusika.eus\/es\/wp-json\/wp\/v2\/comments?post=3934"}],"version-history":[{"count":2,"href":"https:\/\/www.elgoibarmusika.eus\/es\/wp-json\/wp\/v2\/pages\/3934\/revisions"}],"predecessor-version":[{"id":3946,"href":"https:\/\/www.elgoibarmusika.eus\/es\/wp-json\/wp\/v2\/pages\/3934\/revisions\/3946"}],"up":[{"embeddable":true,"href":"https:\/\/www.elgoibarmusika.eus\/es\/wp-json\/wp\/v2\/pages\/3384"}],"wp:featuredmedia":[{"embeddable":true,"href":"https:\/\/www.elgoibarmusika.eus\/es\/wp-json\/wp\/v2\/media\/2347"}],"wp:attachment":[{"href":"https:\/\/www.elgoibarmusika.eus\/es\/wp-json\/wp\/v2\/media?parent=3934"}],"curies":[{"name":"wp","href":"https:\/\/api.w.org\/{rel}","templated":true}]}}