{"id":3935,"date":"2016-05-20T11:45:13","date_gmt":"2016-05-20T09:45:13","guid":{"rendered":"http:\/\/www.elgoibarmusika.eus\/es\/?page_id=3935"},"modified":"2016-05-20T11:48:34","modified_gmt":"2016-05-20T09:48:34","slug":"percusion","status":"publish","type":"page","link":"https:\/\/www.elgoibarmusika.eus\/es\/oferta\/instrumentos\/percusion\/","title":{"rendered":"PERCUSI\u00d3N"},"content":{"rendered":"<div class=\"instrumentu_azalpena\">\n<p class=\"azalpena\">\n<div class=\"panel panel-default\">\n<div class=\"panel-heading\">INFORMACI\u00d3N<\/div>\n<div class=\"panel-body\">\n<ul>\n<li>\n<p><span>Profesor:<\/span> Gorka Mujika<\/p>\n<\/li>\n<li>\n<p><span>Para alumnos:<\/span> A partir de 8 a\u00f1os<\/p>\n<\/li>\n<li>\n<p><span>D\u00edas de la semana:<\/span> Lunes, martes y viernes<\/p>\n<\/li>\n<\/ul>\n<\/div>\n<\/div>\n<\/div>\n<p><span class=\"oharra\"><a href=\"\/?page_id=2494\">MATRICULACI\u00d3N ABIERTA<\/a><\/span><\/p>\n","protected":false},"excerpt":{"rendered":"<p>INFORMACI\u00d3N Profesor: Gorka Mujika Para alumnos: A partir de 8 a\u00f1os D\u00edas de la semana: Lunes, martes y viernes MATRICULACI\u00d3N [&hellip;]<\/p>\n","protected":false},"author":1,"featured_media":2355,"parent":3384,"menu_order":12,"comment_status":"closed","ping_status":"closed","template":"templates-pages\/instrumentuak.php","meta":{"_acf_changed":false,"footnotes":""},"class_list":["post-3935","page","type-page","status-publish","has-post-thumbnail","hentry"],"acf":[],"_links":{"self":[{"href":"https:\/\/www.elgoibarmusika.eus\/es\/wp-json\/wp\/v2\/pages\/3935","targetHints":{"allow":["GET"]}}],"collection":[{"href":"https:\/\/www.elgoibarmusika.eus\/es\/wp-json\/wp\/v2\/pages"}],"about":[{"href":"https:\/\/www.elgoibarmusika.eus\/es\/wp-json\/wp\/v2\/types\/page"}],"author":[{"embeddable":true,"href":"https:\/\/www.elgoibarmusika.eus\/es\/wp-json\/wp\/v2\/users\/1"}],"replies":[{"embeddable":true,"href":"https:\/\/www.elgoibarmusika.eus\/es\/wp-json\/wp\/v2\/comments?post=3935"}],"version-history":[{"count":2,"href":"https:\/\/www.elgoibarmusika.eus\/es\/wp-json\/wp\/v2\/pages\/3935\/revisions"}],"predecessor-version":[{"id":3947,"href":"https:\/\/www.elgoibarmusika.eus\/es\/wp-json\/wp\/v2\/pages\/3935\/revisions\/3947"}],"up":[{"embeddable":true,"href":"https:\/\/www.elgoibarmusika.eus\/es\/wp-json\/wp\/v2\/pages\/3384"}],"wp:featuredmedia":[{"embeddable":true,"href":"https:\/\/www.elgoibarmusika.eus\/es\/wp-json\/wp\/v2\/media\/2355"}],"wp:attachment":[{"href":"https:\/\/www.elgoibarmusika.eus\/es\/wp-json\/wp\/v2\/media?parent=3935"}],"curies":[{"name":"wp","href":"https:\/\/api.w.org\/{rel}","templated":true}]}}