{"id":4202,"date":"2016-05-24T16:59:00","date_gmt":"2016-05-24T14:59:00","guid":{"rendered":"http:\/\/www.elgoibarmusika.eus\/es\/?page_id=4202"},"modified":"2020-03-02T09:46:38","modified_gmt":"2020-03-02T08:46:38","slug":"aviso-legal","status":"publish","type":"page","link":"https:\/\/www.elgoibarmusika.eus\/es\/aviso-legal\/","title":{"rendered":"AVISO LEGAL"},"content":{"rendered":"<h4><strong>AVISO LEGAL Y CONDICIONES DE USO<\/strong><\/h4>\n<p><strong>\u00a0<\/strong><\/p>\n<p><strong><u>Informaci\u00f3n legal<\/u><\/strong><\/p>\n<p>En cumplimiento de la Ley 34\/2002, de 11 de julio, de Servicios de la Sociedad de la Informaci\u00f3n y de Comercio Electr\u00f3nico, le informamos que el dominio de internet <a href=\"http:\/\/www.elgoibarmusika.eus\">www.elgoibarmusika.eus<\/a> es titularidad de Inazio Bereziartua Musika Eskola Elkartea (G20143707), con domicilio en Aita Agirreren Plaza, 4, 20870 Elgoibar (Gipuzkoa), tel\u00e9fono 943742145, correo electr\u00f3nico <a href=\"mailto:elgoibarmusika@gmail.com\">elgoibarmusika@gmail.com<\/a>, inscrita en el Registro de Asociaciones de Euskadi con n\u00famero A.S.R.P.G. 01551.<\/p>\n<p>&nbsp;<\/p>\n<p><span style=\"text-decoration: underline;\"><strong>1. Condiciones Generales<\/strong><\/span><\/p>\n<p>Inazio Bereziartua Musika Eskola (en adelante \u201c<strong>Inazio Bereziartua Musika Eskola<\/strong>\u201d o \u201c<strong>la escuela<\/strong>\u201d) es una asociaci\u00f3n que presta los servicios propios de una escuela de m\u00fasica.<\/p>\n<p>www.elgoibarmusika.eus (en adelante \u201c<strong>el sitio web<\/strong>\u201d) es un sitio web titularidad de Inazio Bereziartua Musika Eskola. El usuario accede a este sitio web de forma voluntaria. El acceso a este sitio web tiene car\u00e1cter gratuito. La navegaci\u00f3n en este sitio web implica aceptar y conocer las advertencias legales, condiciones y t\u00e9rminos de uso, pol\u00edtica de privacidad y pol\u00edtica de cookies contenidos en \u00e9l. Si el usuario no est\u00e1 de acuerdo con estas condiciones de uso y no presta su consentimiento, no podr\u00e1 hacer uso de este sitio web.<\/p>\n<p>El acceso a este sitio web, as\u00ed como el uso que pueda hacerse de la informaci\u00f3n que contiene, son de la exclusiva responsabilidad del usuario. El usuario se compromete a hacer uso del mismo de acuerdo a la finalidad del sitio web.<\/p>\n<p>El usuario no puede hacer un uso il\u00edcito de la informaci\u00f3n contenida en este sitio web, ni llevar a cabo acciones que puedan da\u00f1ar o alterar los sistemas inform\u00e1ticos de este sitio web.<\/p>\n<p>Queda prohibida la inclusi\u00f3n y comunicaci\u00f3n de contenidos, por parte de los usuarios, que sean falsos o inexactos y que induzcan o puedan inducir a error a Inazio Bereziartua Musika Eskola o a otros usuarios o terceros. El usuario ser\u00e1 el \u00fanico responsable de los perjuicios que cause mediante la comunicaci\u00f3n de dichos datos.<\/p>\n<p>Queda prohibido el uso de datos personales de terceros sin su consentimiento, as\u00ed como el uso de datos identificativos de terceros con el \u00e1nimo de hacerse pasar por o fingir ser cualquier otra persona o entidad.<\/p>\n<p>Inazio Bereziartua Musika Eskola realiza los m\u00e1ximos esfuerzos para evitar errores en los contenidos que se publican en el sitio web, reserv\u00e1ndose la facultad de poder modificarlos en cualquier momento. Inazio Bereziartua Musika Eskola declina expresamente cualquier responsabilidad por error u omisi\u00f3n en los contenidos de este sitio web y de los da\u00f1os y perjuicios que puedan deberse a la falta de veracidad, exactitud y actualidad de los mismos.<\/p>\n<p>El sitio web puede ofrecer enlaces a otros sitios web. Inazio Bereziartua Musika Eskola no asume ninguna responsabilidad en relaci\u00f3n con estos sitios enlazados, ya que no tiene ning\u00fan tipo de control sobre ellos, su contenido, productos y servicios ofrecidos, etc. La finalidad de estos servicios es informar al usuario de otras fuentes de informaci\u00f3n, por lo que el usuario accede bajo su exclusiva responsabilidad al contenido y en las condiciones de uso que rijan en los mismos.<\/p>\n<p>Inazio Bereziartua Musika Eskola no se responsabilizar\u00e1 de ninguna consecuencia, da\u00f1o o perjuicio que pudieran derivarse del uso de este sitio web o de sus contenidos, incluidos da\u00f1os inform\u00e1ticos y la introducci\u00f3n de virus o cualquier tipo de malware. Inazio Bereziartua Musika Eskola no garantiza la ausencia de virus ni de otros elementos en el sitio web, introducidos por terceros ajenos, que puedan producir alteraciones en los sistemas f\u00edsicos o l\u00f3gicos de los usuarios, pero utiliza todos los medios a su alcance para que esto no suceda.<\/p>\n<p>Inazio Bereziartua Musika Eskola se reserva el derecho de modificar o borrar en cualquier momento, sin previo aviso y\/o justificaci\u00f3n, el dise\u00f1o, la configuraci\u00f3n y la informaci\u00f3n contenida en este sitio web, si as\u00ed lo estima oportuno. Inazio Bereziartua Musika Eskola no se hace responsable de los perjuicios que estas modificaciones puedan causar. No obstante, utilizar\u00e1 los recursos que tenga a su alcance para informar a los usuarios de dichas modificaciones.<\/p>\n<p>&nbsp;<\/p>\n<p><span style=\"text-decoration: underline;\"><strong>2. Propiedad intelectual e industrial<\/strong><\/span><\/p>\n<p>Los derechos de propiedad de este sitio web, de sus p\u00e1ginas, pantallas, la informaci\u00f3n que contienen, su apariencia y dise\u00f1o, fotograf\u00edas, im\u00e1genes, sus productos y servicios, marcas, logos, lemas, etc. son propiedad de Inazio Bereziartua Musika Eskola, salvo que se especifique otra cosa.<\/p>\n<p>En ning\u00fan caso el acceso o navegaci\u00f3n en el sitio web implica renuncia, transmisi\u00f3n o licencia total o parcial de Inazio Bereziartua Musika Eskola para uso personal al usuario sobre sus derechos de propiedad intelectual e industrial. La reproducci\u00f3n, distribuci\u00f3n, comercializaci\u00f3n o transformaci\u00f3n no autorizadas de estas obras constituye una infracci\u00f3n de los derechos de propiedad intelectual de Inazio Bereziartua Musika Eskola.<\/p>\n<p>El usuario se compromete a no realizar ninguna acci\u00f3n que perjudique la titularidad de este sitio web. La utilizaci\u00f3n no autorizada de la informaci\u00f3n contenida en este sitio web, as\u00ed como los perjuicios ocasionados en los derechos de propiedad intelectual e industrial de sus titulares, pueden dar lugar al ejercicio de las acciones que legalmente correspondan y, si procede, a las responsabilidades que de dicho ejercicio se deriven.<\/p>\n<p>&nbsp;<\/p>\n<p><span style=\"text-decoration: underline;\"><strong>3. Modificaciones<\/strong><\/span><\/p>\n<p>Estas Condiciones podr\u00e1n sufrir modificaciones cuando Inazio Bereziartua Musika Eskola lo considere oportuno, bien con la finalidad de adecuarse a los cambios legislativos, bien con el fin de llevar a cabo otro tipo de mejoras. Estas modificaciones ser\u00e1n v\u00e1lidas desde su publicaci\u00f3n en este sitio web. Inazio Bereziartua Musika Eskola utilizar\u00e1 los medios a su alcance para dar a conocer a los usuarios del sitio web los cambios realizados.<\/p>\n<p>&nbsp;<\/p>\n<p><span style=\"text-decoration: underline;\"><strong>4. Jurisdicci\u00f3n<\/strong><\/span><\/p>\n<p>Las relaciones establecidas entre Inazio Bereziartua Musika Eskola y el usuario se regir\u00e1n por lo dispuesto en la normativa vigente acerca de la legislaci\u00f3n aplicable y la jurisdicci\u00f3n competente. No obstante, para los casos en los que la normativa prevea la posibilidad a las partes de someterse a un fuero, Inazio Bereziartua Musika Eskola y el usuario, con renuncia expresa a cualquier otro fuero que pudiera corresponderles, se someten a los Juzgados y Tribunales de Eibar.<\/p>\n<p>Inazio Bereziartua Musika Eskola perseguir\u00e1 el incumplimiento de las anteriores condiciones, as\u00ed como cualquier utilizaci\u00f3n indebida de los contenidos presentados en su sitio web ejerciendo todas las acciones civiles y penales que le puedan corresponder en Derecho, incluidas las de naturaleza penal.<\/p>\n<p>&nbsp;<\/p>\n<p><span style=\"text-decoration: underline;\"><strong>Informaci\u00f3n legal<\/strong><\/span><\/p>\n<p>En cumplimiento de la Ley 34\/2002, de 11 de julio, de Servicios de la Sociedad de la Informaci\u00f3n y de Comercio Electr\u00f3nico, le informamos que el dominio de internet <a href=\"http:\/\/www.elgoibarmusika.eus\">www.elgoibarmusika.eus<\/a> es titularidad de Inazio Bereziartua Musika Eskola (G20143707), con domicilio en Aita Agirreren Plaza, 4, 20870 Elgoibar (Gipuzkoa), tel\u00e9fono 943742145, correo electr\u00f3nico <a href=\"mailto:elgoibarmusika@gmail.com\">elgoibarmusika@gmail.com<\/a>, inscrita en el Registro de Asociaciones de Euskadi con n\u00famero A.S.R.P.G. 01551.<\/p>\n<p>&nbsp;<\/p>\n<p style=\"text-align: center;\"><a class=\"btn btn-horia\" href=\"http:\/\/www.elgoibarmusika.eus\/wp-content\/uploads\/2020\/03\/2019-IBME-Aviso-Legal.pdf\" target=\"_blank\" rel=\"noopener noreferrer\">Descargar fichero sobre el aviso legal<\/a><\/p>\n","protected":false},"excerpt":{"rendered":"<p>AVISO LEGAL Y CONDICIONES DE USO \u00a0 Informaci\u00f3n legal En cumplimiento de la Ley 34\/2002, de 11 de julio, de [&hellip;]<\/p>\n","protected":false},"author":3,"featured_media":0,"parent":0,"menu_order":0,"comment_status":"closed","ping_status":"closed","template":"","meta":{"_acf_changed":false,"footnotes":""},"class_list":["post-4202","page","type-page","status-publish","hentry"],"acf":[],"_links":{"self":[{"href":"https:\/\/www.elgoibarmusika.eus\/es\/wp-json\/wp\/v2\/pages\/4202","targetHints":{"allow":["GET"]}}],"collection":[{"href":"https:\/\/www.elgoibarmusika.eus\/es\/wp-json\/wp\/v2\/pages"}],"about":[{"href":"https:\/\/www.elgoibarmusika.eus\/es\/wp-json\/wp\/v2\/types\/page"}],"author":[{"embeddable":true,"href":"https:\/\/www.elgoibarmusika.eus\/es\/wp-json\/wp\/v2\/users\/3"}],"replies":[{"embeddable":true,"href":"https:\/\/www.elgoibarmusika.eus\/es\/wp-json\/wp\/v2\/comments?post=4202"}],"version-history":[{"count":11,"href":"https:\/\/www.elgoibarmusika.eus\/es\/wp-json\/wp\/v2\/pages\/4202\/revisions"}],"predecessor-version":[{"id":12711,"href":"https:\/\/www.elgoibarmusika.eus\/es\/wp-json\/wp\/v2\/pages\/4202\/revisions\/12711"}],"wp:attachment":[{"href":"https:\/\/www.elgoibarmusika.eus\/es\/wp-json\/wp\/v2\/media?parent=4202"}],"curies":[{"name":"wp","href":"https:\/\/api.w.org\/{rel}","templated":true}]}}